{"id":113,"date":"2018-06-18T10:22:43","date_gmt":"2018-06-18T10:22:43","guid":{"rendered":"https:\/\/regenbogenpony.ch\/?page_id=113"},"modified":"2022-02-20T05:41:32","modified_gmt":"2022-02-20T05:41:32","slug":"pony-plausch-gruppen","status":"publish","type":"page","link":"https:\/\/regenbogenpony.ch\/?page_id=113","title":{"rendered":"Pony-Plauschgruppen"},"content":{"rendered":"<p><span style=\"font-size: 24pt;\"><strong>Pony-Plauschgruppen<\/strong><\/span><\/p>\n<p>In der Ponyplauschgruppe lernen wir bei der Bodenarbeit Vertrauen zu den Ponys aufzubauen, sie zu verstehen und sie richtig zu pflegen. Es wird Spiel und Spass mit und ohne Ponys geben rund um den Ponystall. Ausserdem lernen die Kinder in kurzen theoretischen Bl\u00f6cken viel Wissenswertes \u00fcber Ponys (Ponysportarten, Ponyrassen). Auf dem R\u00fccken der Ponys trainieren wir das Gleichgewicht um sp\u00e4ter das Reiten lernen zu vereinfachen.<br \/>\nEs ist eine integrative Gruppe ohne Leistungsdruck. Die Kinder k\u00f6nnen freiwillig die Abzeichen des schweizerischen Pferdesportverbandes absolvieren.<\/p>\n<p>&nbsp;<\/p>\n<p>Pony-Versteher : (1.+2. Kiga), Dienstags, 14:00 &#8211; 15:30 Uhr<\/p>\n<p>Pony-Meister: (ab 1.Klasse), Dienstags,16:15 &#8211; 17:45 Uhr<\/p>\n<p>&nbsp;<\/p>\n<p>Kosten . 35.- pro Lektion<\/p>\n","protected":false},"excerpt":{"rendered":"<p>Pony-Plauschgruppen In der Ponyplauschgruppe lernen wir bei der Bodenarbeit Vertrauen zu den Ponys aufzubauen, sie zu verstehen und sie richtig zu pflegen. [&hellip;]<\/p>\n","protected":false},"author":1,"featured_media":0,"parent":29,"menu_order":0,"comment_status":"closed","ping_status":"closed","template":"","meta":{"ngg_post_thumbnail":0,"footnotes":""},"class_list":["post-113","page","type-page","status-publish","hentry"],"_links":{"self":[{"href":"https:\/\/regenbogenpony.ch\/index.php?rest_route=\/wp\/v2\/pages\/113","targetHints":{"allow":["GET"]}}],"collection":[{"href":"https:\/\/regenbogenpony.ch\/index.php?rest_route=\/wp\/v2\/pages"}],"about":[{"href":"https:\/\/regenbogenpony.ch\/index.php?rest_route=\/wp\/v2\/types\/page"}],"author":[{"embeddable":true,"href":"https:\/\/regenbogenpony.ch\/index.php?rest_route=\/wp\/v2\/users\/1"}],"replies":[{"embeddable":true,"href":"https:\/\/regenbogenpony.ch\/index.php?rest_route=%2Fwp%2Fv2%2Fcomments&post=113"}],"version-history":[{"count":15,"href":"https:\/\/regenbogenpony.ch\/index.php?rest_route=\/wp\/v2\/pages\/113\/revisions"}],"predecessor-version":[{"id":826,"href":"https:\/\/regenbogenpony.ch\/index.php?rest_route=\/wp\/v2\/pages\/113\/revisions\/826"}],"up":[{"embeddable":true,"href":"https:\/\/regenbogenpony.ch\/index.php?rest_route=\/wp\/v2\/pages\/29"}],"wp:attachment":[{"href":"https:\/\/regenbogenpony.ch\/index.php?rest_route=%2Fwp%2Fv2%2Fmedia&parent=113"}],"curies":[{"name":"wp","href":"https:\/\/api.w.org\/{rel}","templated":true}]}}