{"id":27,"date":"2018-05-03T14:29:58","date_gmt":"2018-05-03T14:29:58","guid":{"rendered":"https:\/\/regenbogenpony.ch\/?page_id=27"},"modified":"2026-04-12T08:51:44","modified_gmt":"2026-04-12T08:51:44","slug":"ueber-uns","status":"publish","type":"page","link":"https:\/\/regenbogenpony.ch\/?page_id=27","title":{"rendered":"\u00dcber uns"},"content":{"rendered":"<p><span style=\"font-size: 24pt;\"><strong>\u00dcber uns <\/strong><\/span><\/p>\n<p><img loading=\"lazy\" decoding=\"async\" class=\"alignleft size-medium wp-image-613\" src=\"https:\/\/regenbogenpony.ch\/wp-content\/uploads\/2019\/12\/Dinni-und-ich-225x300.jpg\" alt=\"\" width=\"225\" height=\"300\" srcset=\"https:\/\/regenbogenpony.ch\/wp-content\/uploads\/2019\/12\/Dinni-und-ich-225x300.jpg 225w, https:\/\/regenbogenpony.ch\/wp-content\/uploads\/2019\/12\/Dinni-und-ich-767x1024.jpg 767w, https:\/\/regenbogenpony.ch\/wp-content\/uploads\/2019\/12\/Dinni-und-ich-768x1025.jpg 768w, https:\/\/regenbogenpony.ch\/wp-content\/uploads\/2019\/12\/Dinni-und-ich-1150x1536.jpg 1150w, https:\/\/regenbogenpony.ch\/wp-content\/uploads\/2019\/12\/Dinni-und-ich-830x1108.jpg 830w, https:\/\/regenbogenpony.ch\/wp-content\/uploads\/2019\/12\/Dinni-und-ich-230x307.jpg 230w, https:\/\/regenbogenpony.ch\/wp-content\/uploads\/2019\/12\/Dinni-und-ich-350x467.jpg 350w, https:\/\/regenbogenpony.ch\/wp-content\/uploads\/2019\/12\/Dinni-und-ich-480x641.jpg 480w, https:\/\/regenbogenpony.ch\/wp-content\/uploads\/2019\/12\/Dinni-und-ich.jpg 1438w\" sizes=\"auto, (max-width: 225px) 100vw, 225px\" \/><\/p>\n<p>Karin: Reitp\u00e4dagogin und Leiterin Regenbogenpony<\/p>\n<p>Aus &#8211; und Weiterbildungen seit der Er\u00f6ffnung des Regenbogenponys :<\/p>\n<ul>\n<li style=\"list-style-type: none;\">\n<ul>\n<li style=\"list-style-type: none;\">\n<ul>\n<li>2018 Integrativen Reitp\u00e4dagogin<\/li>\n<li>2019 Kindernotfallkurs (Schule f\u00fcr Notfallmedizin)<\/li>\n<li>2019 Sachkundenachweis Pferdehalter<\/li>\n<li>2020 Dipl. Reitp\u00e4dagogin sg-tr<\/li>\n<li>2021 Pferde-Nothelferkurs<\/li>\n<li>2021 Dipl. Lern- und Legasthenie-\/Dyskalkulie Trainerin&nbsp;<\/li>\n<li>2022 FBA Pferdehaltung<\/li>\n<li>2024 Weiterbildung Hufpflege F- Balance<\/li>\n<li>2025 &#8211; 2026 Medizinische Grundlagen<\/li>\n<li>2026 Nothelferkurs<\/li>\n<\/ul>\n<\/li>\n<\/ul>\n<\/li>\n<\/ul>\n<p>&nbsp;<\/p>\n<p><img loading=\"lazy\" decoding=\"async\" class=\"alignleft size-medium wp-image-478\" src=\"https:\/\/regenbogenpony.ch\/wp-content\/uploads\/2018\/06\/IMG_20170716_114057_1-225x300.jpg\" alt=\"\" width=\"225\" height=\"300\" srcset=\"https:\/\/regenbogenpony.ch\/wp-content\/uploads\/2018\/06\/IMG_20170716_114057_1-225x300.jpg 225w, https:\/\/regenbogenpony.ch\/wp-content\/uploads\/2018\/06\/IMG_20170716_114057_1-768x1024.jpg 768w, https:\/\/regenbogenpony.ch\/wp-content\/uploads\/2018\/06\/IMG_20170716_114057_1-830x1107.jpg 830w, https:\/\/regenbogenpony.ch\/wp-content\/uploads\/2018\/06\/IMG_20170716_114057_1-230x307.jpg 230w, https:\/\/regenbogenpony.ch\/wp-content\/uploads\/2018\/06\/IMG_20170716_114057_1-350x467.jpg 350w, https:\/\/regenbogenpony.ch\/wp-content\/uploads\/2018\/06\/IMG_20170716_114057_1-480x640.jpg 480w\" sizes=\"auto, (max-width: 225px) 100vw, 225px\" \/><\/p>\n<p>&nbsp;<\/p>\n<p>&nbsp;<\/p>\n<p>&nbsp;<\/p>\n<p>Bruno: Stallbursche \ud83d\ude42 und Mann f\u00fcr alle F\u00e4lle<\/p>\n<p>Aus und Weiterbildung seit Er\u00f6ffnung des Regenbogenponys:<\/p>\n<p>2019 Sachkundenachweis Pferdehalter<\/p>\n<p>&nbsp;<\/p>\n<p>&nbsp;<\/p>\n<p><img loading=\"lazy\" decoding=\"async\" class=\"alignleft\" src=\"https:\/\/regenbogenpony.ch\/wp-content\/uploads\/2023\/10\/IMG-20230628-WA0026-768x1024.jpg\" alt=\"Dieses Bild hat ein leeres Alt-Attribut. Der Dateiname ist IMG-20230628-WA0026-768x1024.jpg\" width=\"233\" height=\"311\"><\/p>\n<p>&nbsp;<\/p>\n<p>&nbsp;<\/p>\n<p>&nbsp;<\/p>\n<p>&nbsp;<\/p>\n<p>Elio Web &#8211; Designer<\/p>\n<p>&nbsp;<\/p>\n<p>&nbsp;<\/p>\n<p>&nbsp;<\/p>\n<p><img loading=\"lazy\" decoding=\"async\" class=\"alignleft\" src=\"https:\/\/regenbogenpony.ch\/wp-content\/uploads\/2023\/10\/IMG_20230913_071731_527-1-1024x1024.webp\" alt=\"Dieses Bild hat ein leeres Alt-Attribut. Der Dateiname ist IMG_20230913_071731_527-1-1024x1024.webp\" width=\"228\" height=\"228\"><\/p>\n<p>&nbsp;<\/p>\n<p>Ria Pferdetrainerin und Helferin<\/p>\n<p>Aus und Weiterbildung seit Er\u00f6ffnung des Regenbogenponys:<\/p>\n<p>2021 Pferde &#8211; Nothelferkurs<\/p>\n<p>2023 Reitbrevet Gangpferde&nbsp;<\/p>\n<p>&nbsp;<\/p>\n<p>&nbsp;<\/p>\n<p><img loading=\"lazy\" decoding=\"async\" class=\"alignleft\" src=\"https:\/\/regenbogenpony.ch\/wp-content\/uploads\/2023\/10\/IMG20230609142921-1024x768.jpg\" alt=\"Dieses Bild hat ein leeres Alt-Attribut. Der Dateiname ist IMG20230609142921-1024x768.jpg\" width=\"237\" height=\"178\"><\/p>\n<p>Nira Pferdetrainerin und Helferin<\/p>\n<p>Aus und Weiterbildung seit Er\u00f6ffnung des Regenbogenponys:<\/p>\n<p>2021 SVP Stallarbeit Abzeichen<\/p>\n<p>2022 SVP Pferderpflege und Umgang Abzeichen<\/p>\n<p>&nbsp;<\/p>\n<p><img loading=\"lazy\" decoding=\"async\" class=\"alignleft size-medium wp-image-412\" src=\"https:\/\/regenbogenpony.ch\/wp-content\/uploads\/2018\/06\/Sunny-foto-200x300.jpeg\" alt=\"\" width=\"200\" height=\"300\" srcset=\"https:\/\/regenbogenpony.ch\/wp-content\/uploads\/2018\/06\/Sunny-foto-200x300.jpeg 200w, https:\/\/regenbogenpony.ch\/wp-content\/uploads\/2018\/06\/Sunny-foto-768x1154.jpeg 768w, https:\/\/regenbogenpony.ch\/wp-content\/uploads\/2018\/06\/Sunny-foto-682x1024.jpeg 682w, https:\/\/regenbogenpony.ch\/wp-content\/uploads\/2018\/06\/Sunny-foto-830x1247.jpeg 830w, https:\/\/regenbogenpony.ch\/wp-content\/uploads\/2018\/06\/Sunny-foto-230x345.jpeg 230w, https:\/\/regenbogenpony.ch\/wp-content\/uploads\/2018\/06\/Sunny-foto-350x526.jpeg 350w, https:\/\/regenbogenpony.ch\/wp-content\/uploads\/2018\/06\/Sunny-foto-480x721.jpeg 480w\" sizes=\"auto, (max-width: 200px) 100vw, 200px\" \/><\/p>\n<p>&nbsp;<\/p>\n<p>&nbsp;<\/p>\n<p>&nbsp;<\/p>\n<p>Sunny unser Sonnenschein<\/p>\n<p>&nbsp;<\/p>\n<p>&nbsp;<\/p>\n<p>&nbsp;<\/p>\n<p>&nbsp;<\/p>\n<p><img loading=\"lazy\" decoding=\"async\" class=\"alignleft size-medium wp-image-411\" src=\"https:\/\/regenbogenpony.ch\/wp-content\/uploads\/2018\/06\/Tiffany-300x200.jpeg\" alt=\"\" width=\"300\" height=\"200\" srcset=\"https:\/\/regenbogenpony.ch\/wp-content\/uploads\/2018\/06\/Tiffany-300x200.jpeg 300w, https:\/\/regenbogenpony.ch\/wp-content\/uploads\/2018\/06\/Tiffany-768x512.jpeg 768w, https:\/\/regenbogenpony.ch\/wp-content\/uploads\/2018\/06\/Tiffany-1024x683.jpeg 1024w, https:\/\/regenbogenpony.ch\/wp-content\/uploads\/2018\/06\/Tiffany-830x554.jpeg 830w, https:\/\/regenbogenpony.ch\/wp-content\/uploads\/2018\/06\/Tiffany-230x153.jpeg 230w, https:\/\/regenbogenpony.ch\/wp-content\/uploads\/2018\/06\/Tiffany-350x233.jpeg 350w, https:\/\/regenbogenpony.ch\/wp-content\/uploads\/2018\/06\/Tiffany-480x320.jpeg 480w\" sizes=\"auto, (max-width: 300px) 100vw, 300px\" \/><\/p>\n<p>&nbsp;<\/p>\n<p>&nbsp;<\/p>\n<p>Tiffany unsere Kleinkinder-Spezialistin<\/p>\n<p>&nbsp;<\/p>\n<p>&nbsp;<\/p>\n<p><img loading=\"lazy\" decoding=\"async\" class=\"alignleft size-medium wp-image-410\" src=\"https:\/\/regenbogenpony.ch\/wp-content\/uploads\/2018\/06\/Sanja-300x200.jpeg\" alt=\"\" width=\"300\" height=\"200\" srcset=\"https:\/\/regenbogenpony.ch\/wp-content\/uploads\/2018\/06\/Sanja-300x200.jpeg 300w, https:\/\/regenbogenpony.ch\/wp-content\/uploads\/2018\/06\/Sanja-768x512.jpeg 768w, https:\/\/regenbogenpony.ch\/wp-content\/uploads\/2018\/06\/Sanja-1024x683.jpeg 1024w, https:\/\/regenbogenpony.ch\/wp-content\/uploads\/2018\/06\/Sanja-830x553.jpeg 830w, https:\/\/regenbogenpony.ch\/wp-content\/uploads\/2018\/06\/Sanja-230x153.jpeg 230w, https:\/\/regenbogenpony.ch\/wp-content\/uploads\/2018\/06\/Sanja-350x233.jpeg 350w, https:\/\/regenbogenpony.ch\/wp-content\/uploads\/2018\/06\/Sanja-480x320.jpeg 480w\" sizes=\"auto, (max-width: 300px) 100vw, 300px\" \/><\/p>\n<p>&nbsp;<\/p>\n<p>&nbsp;<\/p>\n<p>Sanja unsere Streberin \ud83d\ude42<\/p>\n<p>&nbsp;<\/p>\n<p>&nbsp;<\/p>\n<p><img loading=\"lazy\" decoding=\"async\" class=\"alignleft size-medium wp-image-409\" src=\"https:\/\/regenbogenpony.ch\/wp-content\/uploads\/2018\/06\/Jana-300x300.jpeg\" alt=\"\" width=\"300\" height=\"300\" srcset=\"https:\/\/regenbogenpony.ch\/wp-content\/uploads\/2018\/06\/Jana-300x300.jpeg 300w, https:\/\/regenbogenpony.ch\/wp-content\/uploads\/2018\/06\/Jana-150x150.jpeg 150w, https:\/\/regenbogenpony.ch\/wp-content\/uploads\/2018\/06\/Jana-768x768.jpeg 768w, https:\/\/regenbogenpony.ch\/wp-content\/uploads\/2018\/06\/Jana-1024x1024.jpeg 1024w, https:\/\/regenbogenpony.ch\/wp-content\/uploads\/2018\/06\/Jana-830x830.jpeg 830w, https:\/\/regenbogenpony.ch\/wp-content\/uploads\/2018\/06\/Jana-230x230.jpeg 230w, https:\/\/regenbogenpony.ch\/wp-content\/uploads\/2018\/06\/Jana-350x350.jpeg 350w, https:\/\/regenbogenpony.ch\/wp-content\/uploads\/2018\/06\/Jana-480x480.jpeg 480w\" sizes=\"auto, (max-width: 300px) 100vw, 300px\" \/><\/p>\n<p>&nbsp;<\/p>\n<p>&nbsp;<\/p>\n<p>&nbsp;<\/p>\n<p>Jana unsere Sch\u00fcchterne<\/p>\n<p>(zurzeit eher die Freche \ud83d\ude42&nbsp;<\/p>\n<p>&nbsp;<\/p>\n<p>&nbsp;<\/p>\n<p>&nbsp;<\/p>\n<p><img loading=\"lazy\" decoding=\"async\" class=\"alignleft size-medium wp-image-589\" src=\"https:\/\/regenbogenpony.ch\/wp-content\/uploads\/2019\/03\/IMG_20190210_063944-225x300.jpg\" alt=\"\" width=\"225\" height=\"300\" srcset=\"https:\/\/regenbogenpony.ch\/wp-content\/uploads\/2019\/03\/IMG_20190210_063944-225x300.jpg 225w, https:\/\/regenbogenpony.ch\/wp-content\/uploads\/2019\/03\/IMG_20190210_063944-768x1024.jpg 768w, https:\/\/regenbogenpony.ch\/wp-content\/uploads\/2019\/03\/IMG_20190210_063944-830x1107.jpg 830w, https:\/\/regenbogenpony.ch\/wp-content\/uploads\/2019\/03\/IMG_20190210_063944-230x307.jpg 230w, https:\/\/regenbogenpony.ch\/wp-content\/uploads\/2019\/03\/IMG_20190210_063944-350x467.jpg 350w, https:\/\/regenbogenpony.ch\/wp-content\/uploads\/2019\/03\/IMG_20190210_063944-480x640.jpg 480w\" sizes=\"auto, (max-width: 225px) 100vw, 225px\" \/><\/p>\n<p>&nbsp;<\/p>\n<p>&nbsp;<\/p>\n<p>&nbsp;<\/p>\n<p>Dinni unser Lehrmeister<\/p>\n<p>&nbsp;<\/p>\n<p>&nbsp;<\/p>\n<p>&nbsp;<\/p>\n<p>&nbsp;<\/p>\n<p><img loading=\"lazy\" decoding=\"async\" class=\"alignleft size-medium wp-image-614\" src=\"https:\/\/regenbogenpony.ch\/wp-content\/uploads\/2019\/12\/Ria-und-Bruni-200x300.jpg\" alt=\"\" width=\"200\" height=\"300\" srcset=\"https:\/\/regenbogenpony.ch\/wp-content\/uploads\/2019\/12\/Ria-und-Bruni-200x300.jpg 200w, https:\/\/regenbogenpony.ch\/wp-content\/uploads\/2019\/12\/Ria-und-Bruni-684x1024.jpg 684w, https:\/\/regenbogenpony.ch\/wp-content\/uploads\/2019\/12\/Ria-und-Bruni-768x1150.jpg 768w, https:\/\/regenbogenpony.ch\/wp-content\/uploads\/2019\/12\/Ria-und-Bruni-1026x1536.jpg 1026w, https:\/\/regenbogenpony.ch\/wp-content\/uploads\/2019\/12\/Ria-und-Bruni-830x1243.jpg 830w, https:\/\/regenbogenpony.ch\/wp-content\/uploads\/2019\/12\/Ria-und-Bruni-230x344.jpg 230w, https:\/\/regenbogenpony.ch\/wp-content\/uploads\/2019\/12\/Ria-und-Bruni-350x524.jpg 350w, https:\/\/regenbogenpony.ch\/wp-content\/uploads\/2019\/12\/Ria-und-Bruni-480x719.jpg 480w, https:\/\/regenbogenpony.ch\/wp-content\/uploads\/2019\/12\/Ria-und-Bruni.jpg 1282w\" sizes=\"auto, (max-width: 200px) 100vw, 200px\" \/><\/p>\n<p>&nbsp;<\/p>\n<p>&nbsp;<\/p>\n<p>Bruni unser Heilp\u00e4dagogischer Lehrer \ud83d\ude42<\/p>\n<p>&nbsp;<\/p>\n<p>&nbsp;<\/p>\n<p>&nbsp;<\/p>\n<p>&nbsp;<\/p>\n\n\n<p><img loading=\"lazy\" decoding=\"async\" class=\"alignleft size-medium wp-image-821\" src=\"https:\/\/regenbogenpony.ch\/wp-content\/uploads\/2022\/02\/Daiko-und-Jana-225x300.jpg\" alt=\"\" width=\"225\" height=\"300\" srcset=\"https:\/\/regenbogenpony.ch\/wp-content\/uploads\/2022\/02\/Daiko-und-Jana-225x300.jpg 225w, https:\/\/regenbogenpony.ch\/wp-content\/uploads\/2022\/02\/Daiko-und-Jana-768x1024.jpg 768w, https:\/\/regenbogenpony.ch\/wp-content\/uploads\/2022\/02\/Daiko-und-Jana-1152x1536.jpg 1152w, https:\/\/regenbogenpony.ch\/wp-content\/uploads\/2022\/02\/Daiko-und-Jana-1536x2048.jpg 1536w, https:\/\/regenbogenpony.ch\/wp-content\/uploads\/2022\/02\/Daiko-und-Jana-830x1107.jpg 830w, https:\/\/regenbogenpony.ch\/wp-content\/uploads\/2022\/02\/Daiko-und-Jana-230x307.jpg 230w, https:\/\/regenbogenpony.ch\/wp-content\/uploads\/2022\/02\/Daiko-und-Jana-350x467.jpg 350w, https:\/\/regenbogenpony.ch\/wp-content\/uploads\/2022\/02\/Daiko-und-Jana-480x640.jpg 480w, https:\/\/regenbogenpony.ch\/wp-content\/uploads\/2022\/02\/Daiko-und-Jana-scaled.jpg 1920w\" sizes=\"auto, (max-width: 225px) 100vw, 225px\" \/><\/p>\n<p>&nbsp;<\/p>\n<p>&nbsp;<\/p>\n<p>Daiko unser Lehrling<\/p>\n<p>&nbsp;<\/p>\n<p>&nbsp;<\/p>\n<p>&nbsp;<\/p>\n<p>&nbsp;<\/p>\n\n\n\n<div class=\"wp-block-media-text is-stacked-on-mobile\" style=\"grid-template-columns:31% auto\"><figure class=\"wp-block-media-text__media\"><img loading=\"lazy\" decoding=\"async\" width=\"768\" height=\"1024\" src=\"https:\/\/regenbogenpony.ch\/wp-content\/uploads\/2023\/10\/IMG20230824103517-768x1024.jpg\" alt=\"\" class=\"wp-image-943 size-full\" srcset=\"https:\/\/regenbogenpony.ch\/wp-content\/uploads\/2023\/10\/IMG20230824103517-768x1024.jpg 768w, https:\/\/regenbogenpony.ch\/wp-content\/uploads\/2023\/10\/IMG20230824103517-225x300.jpg 225w, https:\/\/regenbogenpony.ch\/wp-content\/uploads\/2023\/10\/IMG20230824103517-1152x1536.jpg 1152w, https:\/\/regenbogenpony.ch\/wp-content\/uploads\/2023\/10\/IMG20230824103517-1536x2048.jpg 1536w, https:\/\/regenbogenpony.ch\/wp-content\/uploads\/2023\/10\/IMG20230824103517-1000x1333.jpg 1000w, https:\/\/regenbogenpony.ch\/wp-content\/uploads\/2023\/10\/IMG20230824103517-230x307.jpg 230w, https:\/\/regenbogenpony.ch\/wp-content\/uploads\/2023\/10\/IMG20230824103517-350x467.jpg 350w, https:\/\/regenbogenpony.ch\/wp-content\/uploads\/2023\/10\/IMG20230824103517-480x640.jpg 480w, https:\/\/regenbogenpony.ch\/wp-content\/uploads\/2023\/10\/IMG20230824103517-scaled.jpg 1920w\" sizes=\"auto, (max-width: 768px) 100vw, 768px\" \/><\/figure><div class=\"wp-block-media-text__content\">\n<p>\u00c1s Therapie- Pferd in Ausbildung<\/p>\n<\/div><\/div>\n\n\n\n<p><\/p>\n\n\n\n<p><img loading=\"lazy\" decoding=\"async\" class=\"alignleft size-medium wp-image-1124\" src=\"https:\/\/regenbogenpony.ch\/wp-content\/uploads\/2025\/04\/20250117_105807-225x300.jpg\" alt=\"\" width=\"225\" height=\"300\" srcset=\"https:\/\/regenbogenpony.ch\/wp-content\/uploads\/2025\/04\/20250117_105807-225x300.jpg 225w, https:\/\/regenbogenpony.ch\/wp-content\/uploads\/2025\/04\/20250117_105807-768x1024.jpg 768w, https:\/\/regenbogenpony.ch\/wp-content\/uploads\/2025\/04\/20250117_105807-1152x1536.jpg 1152w, https:\/\/regenbogenpony.ch\/wp-content\/uploads\/2025\/04\/20250117_105807-1536x2048.jpg 1536w, https:\/\/regenbogenpony.ch\/wp-content\/uploads\/2025\/04\/20250117_105807-1000x1333.jpg 1000w, https:\/\/regenbogenpony.ch\/wp-content\/uploads\/2025\/04\/20250117_105807-230x307.jpg 230w, https:\/\/regenbogenpony.ch\/wp-content\/uploads\/2025\/04\/20250117_105807-350x467.jpg 350w, https:\/\/regenbogenpony.ch\/wp-content\/uploads\/2025\/04\/20250117_105807-480x640.jpg 480w, https:\/\/regenbogenpony.ch\/wp-content\/uploads\/2025\/04\/20250117_105807-scaled.jpg 1920w\" sizes=\"auto, (max-width: 225px) 100vw, 225px\" \/><\/p>\n\n\n\n\n\n<p>Seit Mai 2024 ist nun auch Nala Kaira in unserem Team<\/p>\n<p>&nbsp;<\/p>\n<p>&nbsp;<\/p>\n<p>&nbsp;<\/p>\n<p>&nbsp;<\/p>\n<p><strong>Unsere Ponys die \u00fcber die Regenbogenbr\u00fccke uns verlassen haben:<\/strong><\/p>\n<p><img loading=\"lazy\" decoding=\"async\" class=\"alignleft size-medium wp-image-408\" src=\"https:\/\/regenbogenpony.ch\/wp-content\/uploads\/2018\/06\/Indira-300x200.jpeg\" alt=\"\" width=\"300\" height=\"200\" srcset=\"https:\/\/regenbogenpony.ch\/wp-content\/uploads\/2018\/06\/Indira-300x200.jpeg 300w, https:\/\/regenbogenpony.ch\/wp-content\/uploads\/2018\/06\/Indira-768x512.jpeg 768w, https:\/\/regenbogenpony.ch\/wp-content\/uploads\/2018\/06\/Indira-1024x683.jpeg 1024w, https:\/\/regenbogenpony.ch\/wp-content\/uploads\/2018\/06\/Indira-830x553.jpeg 830w, https:\/\/regenbogenpony.ch\/wp-content\/uploads\/2018\/06\/Indira-230x153.jpeg 230w, https:\/\/regenbogenpony.ch\/wp-content\/uploads\/2018\/06\/Indira-350x233.jpeg 350w, https:\/\/regenbogenpony.ch\/wp-content\/uploads\/2018\/06\/Indira-480x320.jpeg 480w\" sizes=\"auto, (max-width: 300px) 100vw, 300px\" \/><\/p>\n<p>Indira unser kleines &#8222;Luusmeitli&#8220;<\/p>\n<p>Leider ist unser Luusmeitli am 01.12.2019 \u00fcber die Regenbogenbr\u00fccke gegangen.<\/p>\n<p>Mir vermisset Dich!<\/p>\n<p>&nbsp;<\/p>\n<p>&nbsp;<\/p>\n<p>&nbsp;<\/p>\n<p><img loading=\"lazy\" decoding=\"async\" class=\"alignleft size-medium wp-image-413\" src=\"https:\/\/regenbogenpony.ch\/wp-content\/uploads\/2018\/06\/Grossen-3-300x225.jpg\" alt=\"\" width=\"300\" height=\"225\" srcset=\"https:\/\/regenbogenpony.ch\/wp-content\/uploads\/2018\/06\/Grossen-3-300x225.jpg 300w, https:\/\/regenbogenpony.ch\/wp-content\/uploads\/2018\/06\/Grossen-3-768x576.jpg 768w, https:\/\/regenbogenpony.ch\/wp-content\/uploads\/2018\/06\/Grossen-3-1024x768.jpg 1024w, https:\/\/regenbogenpony.ch\/wp-content\/uploads\/2018\/06\/Grossen-3-830x623.jpg 830w, https:\/\/regenbogenpony.ch\/wp-content\/uploads\/2018\/06\/Grossen-3-230x173.jpg 230w, https:\/\/regenbogenpony.ch\/wp-content\/uploads\/2018\/06\/Grossen-3-350x263.jpg 350w, https:\/\/regenbogenpony.ch\/wp-content\/uploads\/2018\/06\/Grossen-3-480x360.jpg 480w, https:\/\/regenbogenpony.ch\/wp-content\/uploads\/2018\/06\/Grossen-3.jpg 1600w\" sizes=\"auto, (max-width: 300px) 100vw, 300px\" \/><\/p>\n<p>Gogol und Sheitan unsere &#8222;pensionierten&#8220; Opas<\/p>\n<p>Gogol ist leider am 12.11.2018 \u00fcber die Regenbogenbr\u00fccke gegangen.<\/p>\n<p>Sheitan folgte ihm am 19.08.2025<\/p>\n<p>Wir vermissen Euch!<\/p>\n","protected":false},"excerpt":{"rendered":"<p>\u00dcber uns Karin: Reitp\u00e4dagogin und Leiterin Regenbogenpony Aus &#8211; und Weiterbildungen seit der Er\u00f6ffnung des Regenbogenponys : 2018 Integrativen Reitp\u00e4dagogin 2019 Kindernotfallkurs [&hellip;]<\/p>\n","protected":false},"author":1,"featured_media":0,"parent":0,"menu_order":0,"comment_status":"closed","ping_status":"closed","template":"","meta":{"ngg_post_thumbnail":0,"footnotes":""},"class_list":["post-27","page","type-page","status-publish","hentry"],"_links":{"self":[{"href":"https:\/\/regenbogenpony.ch\/index.php?rest_route=\/wp\/v2\/pages\/27","targetHints":{"allow":["GET"]}}],"collection":[{"href":"https:\/\/regenbogenpony.ch\/index.php?rest_route=\/wp\/v2\/pages"}],"about":[{"href":"https:\/\/regenbogenpony.ch\/index.php?rest_route=\/wp\/v2\/types\/page"}],"author":[{"embeddable":true,"href":"https:\/\/regenbogenpony.ch\/index.php?rest_route=\/wp\/v2\/users\/1"}],"replies":[{"embeddable":true,"href":"https:\/\/regenbogenpony.ch\/index.php?rest_route=%2Fwp%2Fv2%2Fcomments&post=27"}],"version-history":[{"count":58,"href":"https:\/\/regenbogenpony.ch\/index.php?rest_route=\/wp\/v2\/pages\/27\/revisions"}],"predecessor-version":[{"id":1278,"href":"https:\/\/regenbogenpony.ch\/index.php?rest_route=\/wp\/v2\/pages\/27\/revisions\/1278"}],"wp:attachment":[{"href":"https:\/\/regenbogenpony.ch\/index.php?rest_route=%2Fwp%2Fv2%2Fmedia&parent=27"}],"curies":[{"name":"wp","href":"https:\/\/api.w.org\/{rel}","templated":true}]}}