{"id":288,"date":"2018-06-27T06:43:44","date_gmt":"2018-06-27T06:43:44","guid":{"rendered":"https:\/\/regenbogenpony.ch\/?page_id=288"},"modified":"2018-07-01T18:24:30","modified_gmt":"2018-07-01T18:24:30","slug":"gaestebuch","status":"publish","type":"page","link":"https:\/\/regenbogenpony.ch\/?page_id=288","title":{"rendered":"G\u00e4stebuch"},"content":{"rendered":"<p><span style=\"font-size: 24pt;\"><strong>G\u00e4stebuch<\/strong><\/span><\/p>\n<div class=\"gwolle-gb\"><div class=\"gwolle-gb-messages-top-container\"><\/div>\n\t\t\t<div class=\"gwolle-gb-write-button\">\n\t\t\t\t<input type=\"button\" name=\"gwolle-gb-write-button\" class=\"button btn btn-default \" value=\"Neuen Eintrag schreiben\" aria-expanded=\"false\" \/>\n\t\t\t<\/div>\n\t\t\t<form action=\"#\" method=\"POST\" class=\"gwolle-gb-write gwolle-gb-hide gwolle-gb-float gwolle-gb-form-ajax gwolle-gb-ajax gwolle-gb-not-logged-in\">\n\t\t\t\t<h3>Einen neuen Eintrag f\u00fcr das G\u00e4stebuch schreiben<\/h3>\n\t\t\t\t<button type=\"button\" class=\"gb-notice-dismiss\">x<span class=\"screen-reader-text\">Dieses Formular ausblenden<\/span><\/button>\n\t\t\t\n\t\t\t\t<input type=\"hidden\" name=\"gwolle_gb_function\" class=\"gwolle_gb_function\" value=\"add_entry\" \/><input type=\"hidden\" name=\"gwolle_gb_book_id\" class=\"gwolle_gb_book_id\" value=\"1\" \/><div class=\"gwolle_gb_31d5a4cc64a9abd19be24ce1a6c5775a\">\n\t\t\t\t<div class=\"label\"><label for=\"gwolle_gb_31d5a4cc64a9abd19be24ce1a6c5775a-1\" class=\"text-info\">Name <span class=\"required\">*<\/span><\/label><\/div>\n\t\t\t\t<div class=\"input\"><input class=\"wp-exclude-emoji gwolle_gb_31d5a4cc64a9abd19be24ce1a6c5775a\" value=\"\" type=\"text\" id=\"gwolle_gb_31d5a4cc64a9abd19be24ce1a6c5775a-1\" name=\"gwolle_gb_31d5a4cc64a9abd19be24ce1a6c5775a\" required \/><\/div>\n\t\t\t\t<div class=\"clearBoth\">&nbsp;<\/div>\n\t\t\t<\/div><div class=\"gwolle_gb_a5d199809e435ea85b9e7d0e4db7f05c\">\n\t\t\t\t\t<div class=\"label\"><label for=\"gwolle_gb_a5d199809e435ea85b9e7d0e4db7f05c-1\" class=\"text-info\">Stadt<\/label><\/div>\n\t\t\t\t\t<div class=\"input\"><input class=\"wp-exclude-emoji gwolle_gb_a5d199809e435ea85b9e7d0e4db7f05c\" value=\"\" type=\"text\" id=\"gwolle_gb_a5d199809e435ea85b9e7d0e4db7f05c-1\" name=\"gwolle_gb_a5d199809e435ea85b9e7d0e4db7f05c\" \/><\/div>\n\t\t\t\t\t<div class=\"clearBoth\">&nbsp;<\/div>\n\t\t\t\t<\/div><div class=\"gwolle_gb_e5497f87e2062f2ba6f9fd3a0f464a3a\">\n\t\t\t\t<div class=\"label\"><label for=\"gwolle_gb_e5497f87e2062f2ba6f9fd3a0f464a3a-1\" class=\"text-info\">E-Mail <span class=\"required\">*<\/span><\/label><\/div>\n\t\t\t\t<div class=\"input\"><input class=\"gwolle_gb_e5497f87e2062f2ba6f9fd3a0f464a3a\" value=\"\" type=\"email\" id=\"gwolle_gb_e5497f87e2062f2ba6f9fd3a0f464a3a-1\" name=\"gwolle_gb_e5497f87e2062f2ba6f9fd3a0f464a3a\" required \/><\/div>\n\t\t\t\t<div class=\"clearBoth\">&nbsp;<\/div>\n\t\t\t<\/div><div class=\"gwolle_gb_8205496e31f0ed9472d610061ff7b16f\">\n\t\t\t\t<div class=\"label\"><label for=\"gwolle_gb_8205496e31f0ed9472d610061ff7b16f-1\" class=\"text-info\">Website<\/label><\/div>\n\t\t\t\t<div class=\"input\"><input class=\"gwolle_gb_8205496e31f0ed9472d610061ff7b16f\" value=\"\" type=\"url\" id=\"gwolle_gb_8205496e31f0ed9472d610061ff7b16f-1\" name=\"gwolle_gb_8205496e31f0ed9472d610061ff7b16f\" \/><\/div>\n\t\t\t\t<div class=\"clearBoth\">&nbsp;<\/div>\n\t\t\t<\/div>\n\t\t\t<div class=\"gwolle_gb_5462b63c4bc27c5ae6feadb471a8e092\" style=\"display:none;overflow:hidden;\" hidden=\"true\" aria-hidden=\"true\">\n\t\t\t\t<div class=\"label\">\n\t\t\t\t\t<label for=\"gwolle_gb_5462b63c4bc27c5ae6feadb471a8e092-1\" class=\"text-primary\">Hier nichts eingeben<\/label>\n\t\t\t\t\t<label for=\"gwolle_gb_50d9a9740959ff89a9fa3bd010897cb2-1\" class=\"text-primary\">Hier nichts eingeben<\/label>\n\t\t\t\t<\/div>\n\t\t\t\t<div class=\"input\">\n\t\t\t\t\t<input value=\"93\" type=\"text\" id=\"gwolle_gb_5462b63c4bc27c5ae6feadb471a8e092-1\" name=\"gwolle_gb_5462b63c4bc27c5ae6feadb471a8e092\" class=\"gwolle_gb_5462b63c4bc27c5ae6feadb471a8e092\" style=\"transform: translateY(10000px);\" \/>\n\t\t\t\t\t<input value=\"\" type=\"text\" name=\"gwolle_gb_50d9a9740959ff89a9fa3bd010897cb2\" id=\"gwolle_gb_50d9a9740959ff89a9fa3bd010897cb2-1\" class=\"gwolle_gb_50d9a9740959ff89a9fa3bd010897cb2\" style=\"transform: translateY(10000px);\" \/>\n\t\t\t\t<\/div>\n\t\t\t\t<div class=\"clearBoth\"><\/div>\n\t\t\t<\/div>\n\t\t\t<div class=\"gwolle_gb_e37b598ec5cc48b4d9c3d497c536c886\" style=\"display:none;overflow:hidden;\" hidden=\"true\" aria-hidden=\"true\">\n\t\t\t\t<div class=\"label\">\n\t\t\t\t\t<label for=\"gwolle_gb_e37b598ec5cc48b4d9c3d497c536c886-1\" class=\"text-primary\">Hier nichts eingeben<\/label>\n\t\t\t\t\t<label for=\"gwolle_gb_70d3edeaf27ce7b4b34c9c9f2a4a3c49-1\" class=\"text-primary\">Hier nichts eingeben<\/label>\n\t\t\t\t<\/div>\n\t\t\t\t<div class=\"input\">\n\t\t\t\t\t<input value=\"67381\" type=\"text\" id=\"gwolle_gb_e37b598ec5cc48b4d9c3d497c536c886-1\" name=\"gwolle_gb_e37b598ec5cc48b4d9c3d497c536c886\" class=\"gwolle_gb_e37b598ec5cc48b4d9c3d497c536c886\" style=\"transform: translateY(10000px);\" \/>\n\t\t\t\t\t<input value=\"67381\" type=\"text\"id=\"gwolle_gb_70d3edeaf27ce7b4b34c9c9f2a4a3c49-1\" name=\"gwolle_gb_70d3edeaf27ce7b4b34c9c9f2a4a3c49\" class=\"gwolle_gb_70d3edeaf27ce7b4b34c9c9f2a4a3c49\" style=\"transform: translateY(10000px);\" \/>\n\t\t\t\t<\/div>\n\t\t\t\t<div class=\"clearBoth\"><\/div>\n\t\t\t<\/div><div class=\"gwolle_gb_content\">\n\t\t\t\t<div class=\"label\"><label for=\"gwolle_gb_content-1\" class=\"text-info\">G\u00e4stebucheintrag <span class=\"required\">*<\/span><\/label><\/div>\n\t\t\t\t<div class=\"input\"><textarea id=\"gwolle_gb_content-1\" name=\"gwolle_gb_content\" class=\"gwolle_gb_content wp-exclude-emoji\" required ><\/textarea><\/div>\n\t\t\t\t\t<div class=\"clearBoth\">&nbsp;<\/div>\n\t\t\t\t<\/div><input type=\"hidden\" class=\"gwolle_gb_034cda96c861556ba8c7053416745938\" id=\"gwolle_gb_034cda96c861556ba8c7053416745938-1\" name=\"gwolle_gb_034cda96c861556ba8c7053416745938\" value=\"a58098ded7\" \/>\n\t\t\t<div class=\"gwolle-gb-messages-bottom-container\"><\/div>\n\n\t\t\t<noscript><div class=\"no-js\">Warnung: Dieses Formular kann nur verwendet werden, wenn in deinem Browser JavaScript aktiviert ist.<\/div><\/noscript>\n\n\t\t\t<div class=\"gwolle_gb_submit gwolle-gb-submit\">\n\t\t\t\t<div class=\"label gwolle-gb-invisible text-muted\">&nbsp;<\/div>\n\t\t\t\t<div class=\"input\">\n\t\t\t\t\t<input type=\"submit\" name=\"gwolle_gb_submit\" class=\"gwolle_gb_submit button btn btn-primary \" value=\"Absenden\" \/>\n\t\t\t\t\t<span class=\"gwolle_gb_submit_ajax_icon gwolle-gb-submit-ajax-icon\"><\/span>\n\t\t\t\n\t\t\t\t<\/div>\n\t\t\t\t<div class=\"clearBoth\">&nbsp;<\/div>\n\t\t\t<\/div>\n\n\t\t\t<div class=\"gwolle_gb_notice gwolle-gb-notice\">\n\t\t\t\tMit * gekennzeichnete Felder sind erforderlich.<br \/>\r\nDeine E-Mail-Adresse wird nicht ver\u00f6ffentlicht.<br \/>\r\nEs ist m\u00f6glich, dass dein Eintrag im G\u00e4stebuch erst sichtbar ist, nachdem wir ihn \u00fcberpr\u00fcft haben.<br \/>\r\nWir behalten uns vor, Eintr\u00e4ge zu bearbeiten, zu l\u00f6schen oder nicht zu ver\u00f6ffentlichen.\n\t\t\t<\/div><\/form><div class=\"gwolle-gb-read gwolle-gb-ajax gwolle-gb-entries-list\" data-book_id=\"1\" data-page_id=\"1\">\n\t\t<div id=\"gwolle-gb-total\" class=\"gwolle-gb-total\">6 Eintr\u00e4ge<\/div><!-- Gwolle-GB Entry: Default Template Loaded -->\n\t\t\t\t<div class=\"gb-entry gb-entry_7 gb-entry-count_1 gwolle-gb-uneven gwolle-gb-first\" id=\"gb-entry_7\" data-entry_id=\"7\">\n\t\t\t\t<article>\n\t\t\t\t\t<div class=\"gb-author-info\">\n\t\t\t\t\t\t<span class=\"gb-author-avatar\"><img referrerpolicy=\"no-referrer\" alt='Isabel' src='https:\/\/secure.gravatar.com\/avatar\/a35388b7b51983c233b1ff092e6e6ded2c57deef4ec0e97acddf6cdb034df3f1?s=32&#038;d=mm&#038;r=g' srcset='https:\/\/secure.gravatar.com\/avatar\/a35388b7b51983c233b1ff092e6e6ded2c57deef4ec0e97acddf6cdb034df3f1?s=64&#038;d=mm&#038;r=g 2x' class='avatar avatar-32 photo' height='32' width='32' \/><\/span>\n\t\t\t\t\t\t<span class=\"gb-author-name\">Isabel\n\t\t\t\t\t\t<\/span>\n\t\t\t\t\t\t<span class=\"gb-datetime\">\n\t\t\t\t\t\t\t<span class=\"gb-date\"><span class=\"gb-date-wrote-text\"> schrieb am<\/span><span class=\"gb-date-text\"> Dezember 3, 2024<\/span>\n\t\t\t\t\t\t\t<\/span><span class=\"gb-time\">\n\t\t\t\t\t\t\t\t\t<span class=\"gb-time-at-text\"> um<\/span>\n\t\t\t\t\t\t\t\t\t<span class=\"gb-time-text\"> 6:07 p.m.<\/span>\n\t\t\t\t\t\t\t\t<\/span>\n\t\t\t\t\t\t<\/span> \n\t\t\t\t\t<\/div>\n\t\t\t\t\t<div class=\"gb-entry-content\">Liebe Karin\r\nHerzlichen Dank f\u00fcr die tollen Stunden, die wir bis jetzt mit dir und den Regenbogenponys verbringen durften!\r\nIhr macht das toll und mit so viel Herz. \ud83d\udc9a\n\t\t\t\t\t<\/div>\n\t\t\t\t<\/article>\n\t\t\t<\/div>\n\t\t\t<div class=\"gb-entry gb-entry_5 gb-entry-count_2 gwolle-gb-even\" id=\"gb-entry_5\" data-entry_id=\"5\">\n\t\t\t\t<article>\n\t\t\t\t\t<div class=\"gb-author-info\">\n\t\t\t\t\t\t<span class=\"gb-author-avatar\"><img referrerpolicy=\"no-referrer\" alt='Denise' src='https:\/\/secure.gravatar.com\/avatar\/bb8d09be93650b9189af9ab6b5aa3d7889d70241e3a2bf97f0a322cee764a4e0?s=32&#038;d=mm&#038;r=g' srcset='https:\/\/secure.gravatar.com\/avatar\/bb8d09be93650b9189af9ab6b5aa3d7889d70241e3a2bf97f0a322cee764a4e0?s=64&#038;d=mm&#038;r=g 2x' class='avatar avatar-32 photo' height='32' width='32' \/><\/span>\n\t\t\t\t\t\t<span class=\"gb-author-name\">Denise\n\t\t\t\t\t\t<\/span>\n\t\t\t\t\t\t<span class=\"gb-datetime\">\n\t\t\t\t\t\t\t<span class=\"gb-date\"><span class=\"gb-date-wrote-text\"> schrieb am<\/span><span class=\"gb-date-text\"> August 16, 2021<\/span>\n\t\t\t\t\t\t\t<\/span><span class=\"gb-time\">\n\t\t\t\t\t\t\t\t\t<span class=\"gb-time-at-text\"> um<\/span>\n\t\t\t\t\t\t\t\t\t<span class=\"gb-time-text\"> 6:19 a.m.<\/span>\n\t\t\t\t\t\t\t\t<\/span>\n\t\t\t\t\t\t<\/span> \n\t\t\t\t\t<\/div>\n\t\t\t\t\t<div class=\"gb-entry-content\">Liebe Karin &amp; Team \nDanke Euch f\u00fcr die tollen Ferienplausch- Stunden die unsere Tochter bei Euch verbringen durfte.\n\t\t\t\t\t<\/div>\n\t\t\t\t<\/article>\n\t\t\t<\/div>\n\t\t\t<div class=\"gb-entry gb-entry_4 gb-entry-count_3 gwolle-gb-uneven\" id=\"gb-entry_4\" data-entry_id=\"4\">\n\t\t\t\t<article>\n\t\t\t\t\t<div class=\"gb-author-info\">\n\t\t\t\t\t\t<span class=\"gb-author-avatar\"><img referrerpolicy=\"no-referrer\" alt='Victoria' src='https:\/\/secure.gravatar.com\/avatar\/d82aa1d8850c1cbb795955777631c74a11b9439a6294c266626d56ef9cb0af75?s=32&#038;d=mm&#038;r=g' srcset='https:\/\/secure.gravatar.com\/avatar\/d82aa1d8850c1cbb795955777631c74a11b9439a6294c266626d56ef9cb0af75?s=64&#038;d=mm&#038;r=g 2x' class='avatar avatar-32 photo' height='32' width='32' \/><\/span>\n\t\t\t\t\t\t<span class=\"gb-author-name\"><a href=\"http:\/\/liveamateur.ch\" target=\"_blank\" rel=\"nofollow noopener noreferrer\"\n\t\t\t\t\t\t\ttitle=\"Besuche die Website von Victoria: http:\/\/liveamateur.ch\">Victoria<\/a>\n\t\t\t\t\t\t<\/span>\n\t\t\t\t\t\t<span class=\"gb-author-origin\">\n\t\t\t\t\t\t\t<span class=\"gb-author-origin-from-text\"> aus<\/span>\n\t\t\t\t\t\t\t<span class=\"gb-author-origin-text\"> Basel<\/span>\n\t\t\t\t\t\t<\/span>\n\t\t\t\t\t\t<span class=\"gb-datetime\">\n\t\t\t\t\t\t\t<span class=\"gb-date\"><span class=\"gb-date-wrote-text\"> schrieb am<\/span><span class=\"gb-date-text\"> August 26, 2020<\/span>\n\t\t\t\t\t\t\t<\/span><span class=\"gb-time\">\n\t\t\t\t\t\t\t\t\t<span class=\"gb-time-at-text\"> um<\/span>\n\t\t\t\t\t\t\t\t\t<span class=\"gb-time-text\"> 9:07 p.m.<\/span>\n\t\t\t\t\t\t\t\t<\/span>\n\t\t\t\t\t\t<\/span> \n\t\t\t\t\t<\/div>\n\t\t\t\t\t<div class=\"gb-entry-content\">Eine sehr sch\u00f6ne webseite haben Sie , Viel Erfolg w\u00fcnschen wir als liveamateur.ch Team.\nVictoria\n\t\t\t\t\t<\/div>\n\t\t\t\t<\/article>\n\t\t\t<\/div>\n\t\t\t<div class=\"gb-entry gb-entry_3 gb-entry-count_4 gwolle-gb-even\" id=\"gb-entry_3\" data-entry_id=\"3\">\n\t\t\t\t<article>\n\t\t\t\t\t<div class=\"gb-author-info\">\n\t\t\t\t\t\t<span class=\"gb-author-avatar\"><img referrerpolicy=\"no-referrer\" alt='C.Meierhofer' src='https:\/\/secure.gravatar.com\/avatar\/3cc4fbafc3afa0135a11e8e48c4dcf1dd079b3f241cac2cc8b23e39a721017ec?s=32&#038;d=mm&#038;r=g' srcset='https:\/\/secure.gravatar.com\/avatar\/3cc4fbafc3afa0135a11e8e48c4dcf1dd079b3f241cac2cc8b23e39a721017ec?s=64&#038;d=mm&#038;r=g 2x' class='avatar avatar-32 photo' height='32' width='32' \/><\/span>\n\t\t\t\t\t\t<span class=\"gb-author-name\">C.Meierhofer\n\t\t\t\t\t\t<\/span>\n\t\t\t\t\t\t<span class=\"gb-datetime\">\n\t\t\t\t\t\t\t<span class=\"gb-date\"><span class=\"gb-date-wrote-text\"> schrieb am<\/span><span class=\"gb-date-text\"> M\u00e4rz 19, 2019<\/span>\n\t\t\t\t\t\t\t<\/span><span class=\"gb-time\">\n\t\t\t\t\t\t\t\t\t<span class=\"gb-time-at-text\"> um<\/span>\n\t\t\t\t\t\t\t\t\t<span class=\"gb-time-text\"> 7:26 a.m.<\/span>\n\t\t\t\t\t\t\t\t<\/span>\n\t\t\t\t\t\t<\/span> \n\t\t\t\t\t<\/div>\n\t\t\t\t\t<div class=\"gb-entry-content\">Liebe Karin\r\nIch m\u00f6chte mich hiermit mal \u00f6ffentlich von Herzen bei dir bedanken und unsere Erfahrung schreiben: M. leidet seit einigen Jahren an diversen Erkrankungen und ist deshalb im Alltag sehr eingeschr\u00e4nkt. Sie wurde von einer Therapie zur anderen geschickt, leider konnte sich M. nicht \u00f6ffnen. Per Zufall kam ich auf deine Seite und fand es sehr Interessant. M. durfte auch gleich bei dir starten, du hast gleich so positiv auf sie gewirkt, am Anfang wahr sie noch eher sch\u00fcchtern, aber das hat sich schnell gendert. Sie hat sich fein und grob motorisch verbessert aber das sch\u00f6nste ist, ihr strahlen wen sie bei dir eine Stunde hatte, das ist wertvoller als alles andere auf der Welt.  Sie kommt so gerne zu Dir, freut sich jedes mal riesig. Danke viel mal das du sie so gut unterst\u00fctzt und nimmst wie sie ist. Es tut meinem Mutterherz so unendlich gut!\n\t\t\t\t\t<\/div>\n\t\t\t\t<\/article>\n\t\t\t<\/div>\n\t\t\t<div class=\"gb-entry gb-entry_2 gb-entry-count_5 gwolle-gb-uneven\" id=\"gb-entry_2\" data-entry_id=\"2\">\n\t\t\t\t<article>\n\t\t\t\t\t<div class=\"gb-author-info\">\n\t\t\t\t\t\t<span class=\"gb-author-avatar\"><img referrerpolicy=\"no-referrer\" alt='Sandra Illi' src='https:\/\/secure.gravatar.com\/avatar\/eea1a7c226ab895edbb723ae618e1b069faac51b618c170b3c5feed8b0ef79b0?s=32&#038;d=mm&#038;r=g' srcset='https:\/\/secure.gravatar.com\/avatar\/eea1a7c226ab895edbb723ae618e1b069faac51b618c170b3c5feed8b0ef79b0?s=64&#038;d=mm&#038;r=g 2x' class='avatar avatar-32 photo' height='32' width='32' \/><\/span>\n\t\t\t\t\t\t<span class=\"gb-author-name\">Sandra Illi\n\t\t\t\t\t\t<\/span>\n\t\t\t\t\t\t<span class=\"gb-author-origin\">\n\t\t\t\t\t\t\t<span class=\"gb-author-origin-from-text\"> aus<\/span>\n\t\t\t\t\t\t\t<span class=\"gb-author-origin-text\"> Hedingen<\/span>\n\t\t\t\t\t\t<\/span>\n\t\t\t\t\t\t<span class=\"gb-datetime\">\n\t\t\t\t\t\t\t<span class=\"gb-date\"><span class=\"gb-date-wrote-text\"> schrieb am<\/span><span class=\"gb-date-text\"> Juli 2, 2018<\/span>\n\t\t\t\t\t\t\t<\/span><span class=\"gb-time\">\n\t\t\t\t\t\t\t\t\t<span class=\"gb-time-at-text\"> um<\/span>\n\t\t\t\t\t\t\t\t\t<span class=\"gb-time-text\"> 3:17 p.m.<\/span>\n\t\t\t\t\t\t\t\t<\/span>\n\t\t\t\t\t\t<\/span> \n\t\t\t\t\t<\/div>\n\t\t\t\t\t<div class=\"gb-entry-content\">Sch\u00f6ni Internetsite \ud83d\ude00Mir w\u00fcnsched eu viel Erfolg und \u00e4n sch\u00f6ne Tag am 7. \ud83d\ude18\n\t\t\t\t\t<\/div>\n\t\t\t\t<\/article>\n\t\t\t<\/div>\n\t\t\t<div class=\"gb-entry gb-entry_1 gb-entry-count_6 gwolle-gb-even\" id=\"gb-entry_1\" data-entry_id=\"1\">\n\t\t\t\t<article>\n\t\t\t\t\t<div class=\"gb-author-info\">\n\t\t\t\t\t\t<span class=\"gb-author-avatar\"><img referrerpolicy=\"no-referrer\" alt='Ruth Anderegg' src='https:\/\/secure.gravatar.com\/avatar\/3d050450e2cb2a0e522dd23329f55d888139a59d0fe0695adf642be75f1b2ef0?s=32&#038;d=mm&#038;r=g' srcset='https:\/\/secure.gravatar.com\/avatar\/3d050450e2cb2a0e522dd23329f55d888139a59d0fe0695adf642be75f1b2ef0?s=64&#038;d=mm&#038;r=g 2x' class='avatar avatar-32 photo' height='32' width='32' \/><\/span>\n\t\t\t\t\t\t<span class=\"gb-author-name\">Ruth Anderegg\n\t\t\t\t\t\t<\/span>\n\t\t\t\t\t\t<span class=\"gb-author-origin\">\n\t\t\t\t\t\t\t<span class=\"gb-author-origin-from-text\"> aus<\/span>\n\t\t\t\t\t\t\t<span class=\"gb-author-origin-text\"> Affoltern am Albis<\/span>\n\t\t\t\t\t\t<\/span>\n\t\t\t\t\t\t<span class=\"gb-datetime\">\n\t\t\t\t\t\t\t<span class=\"gb-date\"><span class=\"gb-date-wrote-text\"> schrieb am<\/span><span class=\"gb-date-text\"> Juli 2, 2018<\/span>\n\t\t\t\t\t\t\t<\/span><span class=\"gb-time\">\n\t\t\t\t\t\t\t\t\t<span class=\"gb-time-at-text\"> um<\/span>\n\t\t\t\t\t\t\t\t\t<span class=\"gb-time-text\"> 1:40 p.m.<\/span>\n\t\t\t\t\t\t\t\t<\/span>\n\t\t\t\t\t\t<\/span> \n\t\t\t\t\t<\/div>\n\t\t\t\t\t<div class=\"gb-entry-content\">Hallo zusammen, t\u00f6nt viel versprechend,  w\u00fcnsche euch allen viel Gl\u00fcck bei eurem Vorhaben.  \nRuth\n\t\t\t\t\t<\/div>\n\t\t\t\t<\/article>\n\t\t\t<\/div>\n\t\t\t<\/div><\/div>\n","protected":false},"excerpt":{"rendered":"<p>G\u00e4stebuch<\/p>\n","protected":false},"author":1,"featured_media":0,"parent":0,"menu_order":0,"comment_status":"closed","ping_status":"closed","template":"","meta":{"ngg_post_thumbnail":0,"footnotes":""},"class_list":["post-288","page","type-page","status-publish","hentry"],"_links":{"self":[{"href":"https:\/\/regenbogenpony.ch\/index.php?rest_route=\/wp\/v2\/pages\/288","targetHints":{"allow":["GET"]}}],"collection":[{"href":"https:\/\/regenbogenpony.ch\/index.php?rest_route=\/wp\/v2\/pages"}],"about":[{"href":"https:\/\/regenbogenpony.ch\/index.php?rest_route=\/wp\/v2\/types\/page"}],"author":[{"embeddable":true,"href":"https:\/\/regenbogenpony.ch\/index.php?rest_route=\/wp\/v2\/users\/1"}],"replies":[{"embeddable":true,"href":"https:\/\/regenbogenpony.ch\/index.php?rest_route=%2Fwp%2Fv2%2Fcomments&post=288"}],"version-history":[{"count":2,"href":"https:\/\/regenbogenpony.ch\/index.php?rest_route=\/wp\/v2\/pages\/288\/revisions"}],"predecessor-version":[{"id":496,"href":"https:\/\/regenbogenpony.ch\/index.php?rest_route=\/wp\/v2\/pages\/288\/revisions\/496"}],"wp:attachment":[{"href":"https:\/\/regenbogenpony.ch\/index.php?rest_route=%2Fwp%2Fv2%2Fmedia&parent=288"}],"curies":[{"name":"wp","href":"https:\/\/api.w.org\/{rel}","templated":true}]}}