{"id":620,"date":"2020-01-19T04:26:00","date_gmt":"2020-01-19T04:26:00","guid":{"rendered":"https:\/\/regenbogenpony.ch\/?page_id=620"},"modified":"2025-07-08T13:35:00","modified_gmt":"2025-07-08T13:35:00","slug":"ausritte-fuer-erwachsene","status":"publish","type":"page","link":"https:\/\/regenbogenpony.ch\/?page_id=620","title":{"rendered":"Gemeinsam stark"},"content":{"rendered":"\n<h2><strong>Gemeinsam stark&nbsp;<\/strong><\/h2>\n\n\n\n<div dir=\"auto\">Wir starten ein Herzensprojekt, das Kindern in <span style=\"color: #000000;\">schwierigen<\/span> Lebenssituationen oder aus Heimen eine unvergessliche und kraftspendende Sommerferienwoche erm\u00f6glichen soll. Unter dem Motto \u201eGemeinsam stark f\u00fcr eine strahlende Zukunft\u201c m\u00f6chten wir diesen Kindern eine Auszeit vom Alltag schenken, in der sie neue Energie tanken und positive Erfahrungen sammeln k\u00f6nnen.<\/div>\n<div class=\"xdj266r x11i5rnm xat24cr x1mh8g0r x1vvkbs x126k92a\">\n<div dir=\"auto\">&nbsp;<\/div>\n<div dir=\"auto\"><strong>Unser Projekt im \u00dcberblick:<\/strong><\/div>\n<div dir=\"auto\">&nbsp;<\/div>\n<div dir=\"auto\">* Vormittage: Das \u201eRegenbogenpony\u201c finanziert ein abwechslungsreiches Programm mit kreativen und spielerischen Aktivit\u00e4ten.<\/div>\n<div dir=\"auto\">&nbsp;<\/div>\n<div dir=\"auto\">* Nachmittage: Durch Ihre Spenden erm\u00f6glichen wir liebevoll gestaltete Stunden voller Freude und Entspannung.<\/div>\n<div dir=\"auto\">&nbsp;<\/div>\n<div dir=\"auto\">Um dieses Projekt zu verwirklichen, sind wir auf Ihre Hilfe angewiesen:<\/div>\n<div dir=\"auto\">&nbsp;<\/div>\n<div dir=\"auto\">* Spenden: Finanzielle Unterst\u00fctzung, Lebensmittel und Gebrauchsartikel sind herzlich willkommen. Jeder Beitrag hilft, den Kindern eine unvergessliche Woche zu bereiten.<\/div>\n<div dir=\"auto\">&nbsp;<\/div>\n<div dir=\"auto\">* Ehrenamtliche Helfer: Engagierte Menschen, die mit Herz und Tatkraft dabei helfen m\u00f6chten, die Kinder zu betreuen und zu unterst\u00fctzen.&nbsp;<span style=\"color: #993366;\">Zurzeit haben wir viele Angebote erhalten, danke!<\/span><\/div>\n<div dir=\"auto\">&nbsp;<\/div>\n<div dir=\"auto\">Anmeldung von Kindern:<\/div>\n<div dir=\"auto\">Sozialp\u00e4dagogische Wohneinrichtung (Heime) , Institutionen und Privatpersonen, die Kinder f\u00fcr dieses Projekt anmelden m\u00f6chten, sind herzlich eingeladen, sich bei uns zu melden.<\/div>\n<div dir=\"auto\">&nbsp;<\/div>\n<div dir=\"auto\"><span style=\"color: #ff0000;\">Gemeinsam k\u00f6nnen wir etwas bewegen!<\/span><\/div>\n<div dir=\"auto\"><span style=\"color: #ff0000;\">Lassen Sie uns gemeinsam eine Woche voller Freude, Lachen und unvergesslicher Momente f\u00fcr diese Kinder schaffen. Ihre Unterst\u00fctzung macht den Unterschied!<\/span><\/div>\n<div dir=\"auto\">&nbsp;<\/div>\n<div dir=\"auto\">Kontakt: info@regenbogenpony.ch<\/div>\n<\/div>\n<div class=\"x11i5rnm xat24cr x1mh8g0r x1vvkbs xtlvy1s x126k92a\">\n<div dir=\"auto\">Wir danken Ihnen von Herzen f\u00fcr Ihre Unterst\u00fctzung!<\/div>\n<\/div>\n<div dir=\"auto\">&nbsp;<\/div>\n<div dir=\"auto\">\n<div class=\"xdj266r x11i5rnm xat24cr x1mh8g0r x1vvkbs x126k92a\">\n<div dir=\"auto\"><span style=\"color: #ff0000;\"><strong>Update:<\/strong><\/span><\/div>\n<div dir=\"auto\">&nbsp;<\/div>\n<\/div>\n<\/div>\n<div dir=\"auto\"><span style=\"color: #000000;\">01.04.25 Ein Bericht im Affoltern Anzeiger ist erschienen, herzlichen dank an den Affoltern Anzeiger.<\/span><\/div>\n<div dir=\"auto\"><img loading=\"lazy\" decoding=\"async\" class=\"alignleft size-medium wp-image-1116\" src=\"https:\/\/regenbogenpony.ch\/wp-content\/uploads\/2025\/04\/Screenshot_20250406_153303_Photos-138x300.jpg\" alt=\"\" width=\"138\" height=\"300\" srcset=\"https:\/\/regenbogenpony.ch\/wp-content\/uploads\/2025\/04\/Screenshot_20250406_153303_Photos-138x300.jpg 138w, https:\/\/regenbogenpony.ch\/wp-content\/uploads\/2025\/04\/Screenshot_20250406_153303_Photos-473x1024.jpg 473w, https:\/\/regenbogenpony.ch\/wp-content\/uploads\/2025\/04\/Screenshot_20250406_153303_Photos-768x1664.jpg 768w, https:\/\/regenbogenpony.ch\/wp-content\/uploads\/2025\/04\/Screenshot_20250406_153303_Photos-709x1536.jpg 709w, https:\/\/regenbogenpony.ch\/wp-content\/uploads\/2025\/04\/Screenshot_20250406_153303_Photos-945x2048.jpg 945w, https:\/\/regenbogenpony.ch\/wp-content\/uploads\/2025\/04\/Screenshot_20250406_153303_Photos-1000x2167.jpg 1000w, https:\/\/regenbogenpony.ch\/wp-content\/uploads\/2025\/04\/Screenshot_20250406_153303_Photos-230x498.jpg 230w, https:\/\/regenbogenpony.ch\/wp-content\/uploads\/2025\/04\/Screenshot_20250406_153303_Photos-350x758.jpg 350w, https:\/\/regenbogenpony.ch\/wp-content\/uploads\/2025\/04\/Screenshot_20250406_153303_Photos-480x1040.jpg 480w, https:\/\/regenbogenpony.ch\/wp-content\/uploads\/2025\/04\/Screenshot_20250406_153303_Photos.jpg 1080w\" sizes=\"auto, (max-width: 138px) 100vw, 138px\" \/><\/div>\n<div dir=\"auto\">\n<div class=\"xdj266r x11i5rnm xat24cr x1mh8g0r x1vvkbs x126k92a\">\n<div dir=\"auto\">&nbsp;<\/div>\n<div dir=\"auto\">&nbsp;<\/div>\n<div dir=\"auto\">&nbsp;<\/div>\n<div dir=\"auto\">&nbsp;<\/div>\n<div dir=\"auto\">&nbsp;<\/div>\n<div dir=\"auto\">&nbsp;<\/div>\n<div dir=\"auto\">&nbsp;<\/div>\n<div dir=\"auto\">&nbsp;<\/div>\n<div dir=\"auto\">&nbsp;<\/div>\n<div dir=\"auto\">&nbsp;<\/div>\n<div dir=\"auto\">&nbsp;<\/div>\n<div dir=\"auto\">&nbsp;<\/div>\n<div dir=\"auto\">&nbsp;<\/div>\n<div dir=\"auto\">&nbsp;<\/div>\n<div dir=\"auto\">&nbsp;<\/div>\n<div dir=\"auto\">&nbsp;<\/div>\n<div dir=\"auto\"><span style=\"color: #000000;\">21.03.25 Hast du noch ein Yoga Matte die du nicht mehr brauchst? Wir w\u00fcrden uns dar\u00fcber sehr freuen.<\/span><\/div>\n<div dir=\"auto\">&nbsp;<\/div>\n<div dir=\"auto\"><span style=\"color: #99cc00;\"><span style=\"color: #000000;\">12.03.25 Nun haben wir eine Spende Plattform :<\/span><em><span style=\"color: #3366ff;\"><a style=\"color: #3366ff;\" href=\"https:\/\/gemeinsam-stark.payrexx.com\/de\/pay?cid=c298f4b7\">Spende &#8211; Gemeinsam stark<\/a><\/span><\/em><\/span><\/div>\n<div dir=\"auto\">&nbsp;<\/div>\n<div dir=\"auto\">&nbsp;<\/div>\n<div dir=\"auto\"><img loading=\"lazy\" decoding=\"async\" class=\"alignleft size-full wp-image-1185\" src=\"https:\/\/regenbogenpony.ch\/wp-content\/uploads\/2025\/07\/Gemeinsam-stark-Spende.jpg\" alt=\"\" width=\"300\" height=\"300\" srcset=\"https:\/\/regenbogenpony.ch\/wp-content\/uploads\/2025\/07\/Gemeinsam-stark-Spende.jpg 300w, https:\/\/regenbogenpony.ch\/wp-content\/uploads\/2025\/07\/Gemeinsam-stark-Spende-150x150.jpg 150w, https:\/\/regenbogenpony.ch\/wp-content\/uploads\/2025\/07\/Gemeinsam-stark-Spende-230x230.jpg 230w\" sizes=\"auto, (max-width: 300px) 100vw, 300px\" \/><\/div>\n<\/div>\n<\/div>\n<div dir=\"auto\">\n<div class=\"xdj266r x11i5rnm xat24cr x1mh8g0r x1vvkbs x126k92a\">\n<div dir=\"auto\">&nbsp;<\/div>\n<div dir=\"auto\">&nbsp;<\/div>\n<div dir=\"auto\">&nbsp;<\/div>\n<div dir=\"auto\">&nbsp;<\/div>\n<div dir=\"auto\">&nbsp;<\/div>\n<\/div>\n<\/div>\n<div dir=\"auto\">&nbsp;<\/div>\n<div dir=\"auto\">\n<div class=\"xdj266r x11i5rnm xat24cr x1mh8g0r x1vvkbs x126k92a\">\n<div dir=\"auto\">&nbsp;<\/div>\n<div dir=\"auto\">&nbsp;<\/div>\n<div dir=\"auto\">&nbsp;<\/div>\n<div dir=\"auto\">&nbsp;<\/div>\n<div dir=\"auto\">&nbsp;<\/div>\n<div dir=\"auto\">&nbsp;<\/div>\n<\/div>\n<\/div>\n<div dir=\"auto\">&nbsp;<\/div>\n<div dir=\"auto\">&nbsp;<\/div>\n<div dir=\"auto\">&nbsp;<\/div>\n<div dir=\"auto\">&nbsp;<\/div>\n<div dir=\"auto\">\n<div class=\"xdj266r x11i5rnm xat24cr x1mh8g0r x1vvkbs x126k92a\">\n<div dir=\"auto\"><span style=\"color: #000000;\">F\u00fcr materielle Spende bitte ein Mail an : info@regenbogenpony.ch<\/span><\/div>\n<div dir=\"auto\">&nbsp;<\/div>\n<\/div>\n<div class=\"xdj266r x11i5rnm xat24cr x1mh8g0r x1vvkbs x126k92a\">\n<div dir=\"auto\">&nbsp;<\/div>\n<div dir=\"auto\"><span style=\"color: #000000;\">09.03.25 Die Woche wurde festgelegt 11.08 &#8211; 15.08.25<\/span><\/div>\n<\/div>\n<\/div>\n<div dir=\"auto\">&nbsp;<\/div>\n<div dir=\"auto\">&nbsp;<\/div>\n<div dir=\"auto\">\n<div class=\"xdj266r x11i5rnm xat24cr x1mh8g0r x1vvkbs x126k92a\">\n<div dir=\"auto\"><strong style=\"color: #339966;\">Ein von herzen Dankesch\u00f6n an die lieben Personen die uns in dieser Woche Unterst\u00fctzen:<\/strong><\/div>\n<\/div>\n<\/div>\n<div dir=\"auto\">\n<div dir=\"auto\">\n<div class=\"xdj266r x11i5rnm xat24cr x1mh8g0r x1vvkbs x126k92a\">\n<div dir=\"auto\">\n<div dir=\"auto\"><a style=\"color: #3366ff;\" href=\"https:\/\/farbtherapiesabina.ch\/\">Sabina Mangili www.farbtherapiesabina.ch<\/a><\/div>\n<\/div>\n<\/div>\n<\/div>\n<div dir=\"auto\">\n<div dir=\"auto\">\n<div dir=\"auto\"><span style=\"color: #3366ff;\"><a style=\"color: #3366ff;\" href=\"https:\/\/farbgefuehle.ch\/\"><span style=\"color: #ff9900;\"><span style=\"color: #3366ff;\">Laura Hermann www.farbgefuehle.ch<\/span><\/span><\/a><\/span><\/div>\n<div dir=\"auto\"><span style=\"color: #ff9900;\"><a style=\"color: #ff9900;\" href=\"https:\/\/www.liechterfuellt.ch\/\"><span style=\"color: #3366ff;\">Jasmin Faes www.liechterfuellt.ch<\/span><\/a><\/span><\/div>\n<div dir=\"auto\">\n<div dir=\"auto\"><a href=\"https:\/\/www.mindbody-kids.ch\/\"><span style=\"color: #3366ff;\">Nivin Groh www.mindbody-kids.ch<\/span><\/a><\/div>\n<div dir=\"auto\">Caro, Malin, Nina<\/div>\n<div dir=\"auto\">Ria und Nira<\/div>\n<div dir=\"auto\">Leonie<\/div>\n<div dir=\"auto\">&nbsp;<\/div>\n<\/div>\n<div dir=\"auto\">\n<div dir=\"auto\"><span style=\"color: #339966;\"><strong>Ein von herzen Dankesch\u00f6n f\u00fcr unsere Spender:<\/strong><\/span><\/div>\n<div dir=\"auto\">\n<div dir=\"auto\"><a href=\"https:\/\/cakeart-factory.ch\/\"><span style=\"color: #3366ff;\">Anna Bienz www.cakeart-factory.ch <\/span><\/a><\/div>\n<div dir=\"auto\"><span style=\"color: #3366ff;\"><a href=\"https:\/\/zaugg-metzgerei.ch\/\"><span style=\"color: #3366ff;\">Metzgerei Zaugg , www.zaugg-metzgerei.ch<\/span><\/a><\/span><\/div>\n<div dir=\"auto\"><span style=\"color: #3366ff;\">Real Z\u00e4une <a style=\"color: #3366ff;\" href=\"https:\/\/www.realzaeune.ch\/\">Der Zaunbauer aus der Region &#8211; Real Z\u00e4une AG<\/a><\/span><\/div>\n<div dir=\"auto\"><span style=\"color: #000000;\">Sandra Zumsteg<\/span><\/div>\n<div dir=\"auto\">\n<div dir=\"auto\"><span style=\"color: #000000;\">Kerstin Lais<\/span><\/div>\n<div dir=\"auto\"><span style=\"color: #000000;\">Sandra B\u00fctler<\/span><\/div>\n<div dir=\"auto\"><span style=\"color: #000000;\">Ela Frei<\/span><\/div>\n<div dir=\"auto\"><span style=\"color: #000000;\">Frans Heckman<\/span><\/div>\n<div dir=\"auto\"><span style=\"color: #000000;\">Rosmarie und Kurt Illi<\/span><\/div>\n<div dir=\"auto\"><span style=\"color: #000000;\">Alle Anonymen Spender<\/span><\/div>\n<\/div>\n<\/div>\n<\/div>\n<\/div>\n<\/div>\n<\/div>\n<div dir=\"auto\">\n<div dir=\"auto\">&nbsp;<\/div>\n<\/div>\n<div dir=\"auto\">&nbsp;<\/div>\n","protected":false},"excerpt":{"rendered":"<p>Gemeinsam stark&nbsp; Wir starten ein Herzensprojekt, das Kindern in schwierigen Lebenssituationen oder aus Heimen eine unvergessliche und kraftspendende Sommerferienwoche erm\u00f6glichen soll. Unter [&hellip;]<\/p>\n","protected":false},"author":1,"featured_media":0,"parent":29,"menu_order":0,"comment_status":"closed","ping_status":"closed","template":"","meta":{"ngg_post_thumbnail":0,"footnotes":""},"class_list":["post-620","page","type-page","status-publish","hentry"],"_links":{"self":[{"href":"https:\/\/regenbogenpony.ch\/index.php?rest_route=\/wp\/v2\/pages\/620","targetHints":{"allow":["GET"]}}],"collection":[{"href":"https:\/\/regenbogenpony.ch\/index.php?rest_route=\/wp\/v2\/pages"}],"about":[{"href":"https:\/\/regenbogenpony.ch\/index.php?rest_route=\/wp\/v2\/types\/page"}],"author":[{"embeddable":true,"href":"https:\/\/regenbogenpony.ch\/index.php?rest_route=\/wp\/v2\/users\/1"}],"replies":[{"embeddable":true,"href":"https:\/\/regenbogenpony.ch\/index.php?rest_route=%2Fwp%2Fv2%2Fcomments&post=620"}],"version-history":[{"count":59,"href":"https:\/\/regenbogenpony.ch\/index.php?rest_route=\/wp\/v2\/pages\/620\/revisions"}],"predecessor-version":[{"id":1191,"href":"https:\/\/regenbogenpony.ch\/index.php?rest_route=\/wp\/v2\/pages\/620\/revisions\/1191"}],"up":[{"embeddable":true,"href":"https:\/\/regenbogenpony.ch\/index.php?rest_route=\/wp\/v2\/pages\/29"}],"wp:attachment":[{"href":"https:\/\/regenbogenpony.ch\/index.php?rest_route=%2Fwp%2Fv2%2Fmedia&parent=620"}],"curies":[{"name":"wp","href":"https:\/\/api.w.org\/{rel}","templated":true}]}}