{"id":98,"date":"2018-06-17T19:04:43","date_gmt":"2018-06-17T19:04:43","guid":{"rendered":"https:\/\/regenbogenpony.ch\/?page_id=98"},"modified":"2022-02-20T05:56:15","modified_gmt":"2022-02-20T05:56:15","slug":"pony-natur-spielgruppe","status":"publish","type":"page","link":"https:\/\/regenbogenpony.ch\/?page_id=98","title":{"rendered":"Pony-Natur-Spielgruppe"},"content":{"rendered":"<p><span style=\"font-size: 24pt;\"><strong>Pony-Natur-Wald-Spielgruppe<\/strong><\/span><\/p>\n<p><span style=\"color: #000000;\">In der Spielgruppe treffen sich Kinder ab 3 Jahren bis zum Kindergarten Eintritt, einmal w\u00f6chentlich bei jedem Wetter.&nbsp;<\/span><\/p>\n<p>Gemeinsam gehen wir auf Entdeckungsreise, singen Lieder, pflegen die Ponys und gehen spazieren. Wir machen Spiele mit und ohne Ponys, haben Freiraum um selber kreativ zu werden. Die Kinder lernen den fairen Umgang mit den Tieren, essen gemeinsam Zn\u00fcni und noch vieles mehr.<\/p>\n<p>Bei schlechtem Wetter haben wir in der Scheune einen Unterschlupf, dort k\u00f6nnen wir basteln, spielen, und Zn\u00fcni essen.<\/p>\n<p>Im Winter bei eisigem Wetter verbringen wir auch Zeit in der geheizten Therapie &#8211; Halle oder im Reiterst\u00fcbli, beim austoben, basteln, singen, tanzen, backen und spielen, damit wir uns wieder aufw\u00e4rmen k\u00f6nnen.<\/p>\n<p>Im Spielgruppen-Alter erleben Kinder meist ihre ersten Stunden ohne Mami und Papi an einem anderen Ort. Bei diesen besonderen Schritten ist die Sicherheit in der Gruppe,&nbsp; sich wohlzuf\u00fchlen und wahrgenommen zu werden besonders wichtig.&nbsp;Ebenso m\u00f6chten die Kinder&nbsp;Liebe und Geborgenheit sp\u00fcren. Wir m\u00f6chten jedes einzelne Kind auf seinem pers\u00f6nlichen Weg begegnen, es kennenlernen, begleiten und f\u00f6rdern. Jedes Kind ist in seinem individuellen Entwicklungsstand herzlich Willkommen!<\/p>\n<p>Kosten : 30.- pro Lektion<\/p>\n<p>Wann : Dienstag 08.45 &#8211; 11.00 Uhr<\/p>\n","protected":false},"excerpt":{"rendered":"<p>Pony-Natur-Wald-Spielgruppe In der Spielgruppe treffen sich Kinder ab 3 Jahren bis zum Kindergarten Eintritt, einmal w\u00f6chentlich bei jedem Wetter.&nbsp; Gemeinsam gehen wir [&hellip;]<\/p>\n","protected":false},"author":1,"featured_media":0,"parent":29,"menu_order":0,"comment_status":"closed","ping_status":"closed","template":"","meta":{"ngg_post_thumbnail":0,"footnotes":""},"class_list":["post-98","page","type-page","status-publish","hentry"],"_links":{"self":[{"href":"https:\/\/regenbogenpony.ch\/index.php?rest_route=\/wp\/v2\/pages\/98","targetHints":{"allow":["GET"]}}],"collection":[{"href":"https:\/\/regenbogenpony.ch\/index.php?rest_route=\/wp\/v2\/pages"}],"about":[{"href":"https:\/\/regenbogenpony.ch\/index.php?rest_route=\/wp\/v2\/types\/page"}],"author":[{"embeddable":true,"href":"https:\/\/regenbogenpony.ch\/index.php?rest_route=\/wp\/v2\/users\/1"}],"replies":[{"embeddable":true,"href":"https:\/\/regenbogenpony.ch\/index.php?rest_route=%2Fwp%2Fv2%2Fcomments&post=98"}],"version-history":[{"count":11,"href":"https:\/\/regenbogenpony.ch\/index.php?rest_route=\/wp\/v2\/pages\/98\/revisions"}],"predecessor-version":[{"id":836,"href":"https:\/\/regenbogenpony.ch\/index.php?rest_route=\/wp\/v2\/pages\/98\/revisions\/836"}],"up":[{"embeddable":true,"href":"https:\/\/regenbogenpony.ch\/index.php?rest_route=\/wp\/v2\/pages\/29"}],"wp:attachment":[{"href":"https:\/\/regenbogenpony.ch\/index.php?rest_route=%2Fwp%2Fv2%2Fmedia&parent=98"}],"curies":[{"name":"wp","href":"https:\/\/api.w.org\/{rel}","templated":true}]}}